{"id":200,"date":"2025-02-12T20:04:16","date_gmt":"2025-02-12T19:04:16","guid":{"rendered":"http:\/\/192.168.2.14\/?page_id=200"},"modified":"2025-04-14T21:26:01","modified_gmt":"2025-04-14T19:26:01","slug":"les-rois-de-la-bricole","status":"publish","type":"page","link":"https:\/\/volventperformance.fr\/index.php\/les-rois-de-la-bricole\/","title":{"rendered":"Les rois de la bricole"},"content":{"rendered":"\t\t<div data-elementor-type=\"wp-page\" data-elementor-id=\"200\" class=\"elementor elementor-200\">\n\t\t\t\t<div class=\"elementor-element elementor-element-cbc971a e-flex e-con-boxed e-con e-parent\" data-id=\"cbc971a\" data-element_type=\"container\">\n\t\t\t\t\t<div class=\"e-con-inner\">\n\t\t\t\t<div class=\"elementor-element elementor-element-4eb2f96 elementor-invisible elementor-widget elementor-widget-heading\" data-id=\"4eb2f96\" data-element_type=\"widget\" data-settings=\"{&quot;_animation&quot;:&quot;fadeIn&quot;}\" data-widget_type=\"heading.default\">\n\t\t\t\t<div class=\"elementor-widget-container\">\n\t\t\t\t\t<h2 class=\"elementor-heading-title elementor-size-default\">\ud83d\ude97 VOLVENT PERFORMANCE \u2013 Les rois de la bricole et de la d\u00e9brouille ! \ud83d\ude97<\/h2>\t\t\t\t<\/div>\n\t\t\t\t<\/div>\n\t\t\t\t\t<\/div>\n\t\t\t\t<\/div>\n\t\t<div class=\"elementor-element elementor-element-1be2123 e-flex e-con-boxed elementor-invisible e-con e-parent\" data-id=\"1be2123\" data-element_type=\"container\" data-settings=\"{&quot;animation&quot;:&quot;fadeInLeft&quot;}\">\n\t\t\t\t\t<div class=\"e-con-inner\">\n\t\t<div class=\"elementor-element elementor-element-dfd5f96 e-con-full e-flex e-con e-child\" data-id=\"dfd5f96\" data-element_type=\"container\">\n\t\t\t\t<div class=\"elementor-element elementor-element-b1b18fe elementor-widget elementor-widget-image\" data-id=\"b1b18fe\" data-element_type=\"widget\" data-widget_type=\"image.default\">\n\t\t\t\t<div class=\"elementor-widget-container\">\n\t\t\t\t\t\t\t\t\t\t\t\t\t\t\t\t<a href=\"https:\/\/volventperformance.fr\/wp-content\/uploads\/2024\/11\/1732092569970-scaled.jpg\" data-elementor-open-lightbox=\"yes\" data-elementor-lightbox-title=\"1732092569970\" data-e-action-hash=\"#elementor-action%3Aaction%3Dlightbox%26settings%3DeyJpZCI6MTc5LCJ1cmwiOiJodHRwczpcL1wvdm9sdmVudHBlcmZvcm1hbmNlLmZyXC93cC1jb250ZW50XC91cGxvYWRzXC8yMDI0XC8xMVwvMTczMjA5MjU2OTk3MC1zY2FsZWQuanBnIn0%3D\">\n\t\t\t\t\t\t\t<img fetchpriority=\"high\" decoding=\"async\" width=\"576\" height=\"1024\" src=\"https:\/\/volventperformance.fr\/wp-content\/uploads\/2024\/11\/1732092569970-576x1024.jpg\" class=\"attachment-large size-large wp-image-179\" alt=\"\" srcset=\"https:\/\/volventperformance.fr\/wp-content\/uploads\/2024\/11\/1732092569970-576x1024.jpg 576w, https:\/\/volventperformance.fr\/wp-content\/uploads\/2024\/11\/1732092569970-169x300.jpg 169w, https:\/\/volventperformance.fr\/wp-content\/uploads\/2024\/11\/1732092569970-scaled-864x1536.jpg 864w, https:\/\/volventperformance.fr\/wp-content\/uploads\/2024\/11\/1732092569970-scaled-1152x2048.jpg 1152w, https:\/\/volventperformance.fr\/wp-content\/uploads\/2024\/11\/1732092569970-scaled.jpg 1440w\" sizes=\"100vw\" \/>\t\t\t\t\t\t\t\t<\/a>\n\t\t\t\t\t\t\t\t\t\t\t\t\t\t\t<\/div>\n\t\t\t\t<\/div>\n\t\t\t\t<\/div>\n\t\t<div class=\"elementor-element elementor-element-e352b1f e-con-full e-flex e-con e-child\" data-id=\"e352b1f\" data-element_type=\"container\">\n\t\t\t\t<div class=\"elementor-element elementor-element-3f6e64a elementor-widget elementor-widget-text-editor\" data-id=\"3f6e64a\" data-element_type=\"widget\" data-widget_type=\"text-editor.default\">\n\t\t\t\t<div class=\"elementor-widget-container\">\n\t\t\t\t\t\t\t\t\t<p data-start=\"80\" data-end=\"273\">T\u2019as une bagnole en fin de vie, mais t\u2019as pas envie de vendre un rein pour la r\u00e9parer ? T\u2019inqui\u00e8te, chez <strong data-start=\"185\" data-end=\"208\">Volvent Performance<\/strong>, on a une devise : <strong data-start=\"228\" data-end=\"271\">\u00ab\u00a0Si \u00e7a tient, c\u2019est que c\u2019est r\u00e9par\u00e9 !\u00a0\u00bb<\/strong><\/p><p data-start=\"275\" data-end=\"615\">Ici, on est pas des ing\u00e9nieurs de la NASA, mais on sait faire rouler une voiture avec trois colliers de serrage, un peu de mastic et beaucoup de bonne volont\u00e9. Nos r\u00e9parations sont parfois <strong data-start=\"464\" data-end=\"513\">limites, douteuses, voire carr\u00e9ment suspectes<\/strong>, mais une chose est s\u00fbre : <strong data-start=\"541\" data-end=\"554\">\u00e7a marche<\/strong> (bon, pour combien de temps, \u00e7a c\u2019est une autre histoire).<\/p>\t\t\t\t\t\t\t\t<\/div>\n\t\t\t\t<\/div>\n\t\t\t\t<\/div>\n\t\t\t\t\t<\/div>\n\t\t\t\t<\/div>\n\t\t<div class=\"elementor-element elementor-element-f1a6a36 e-flex e-con-boxed e-con e-parent\" data-id=\"f1a6a36\" data-element_type=\"container\">\n\t\t\t\t\t<div class=\"e-con-inner\">\n\t\t\t\t<div class=\"elementor-element elementor-element-82d924c elementor-widget elementor-widget-spacer\" data-id=\"82d924c\" data-element_type=\"widget\" data-widget_type=\"spacer.default\">\n\t\t\t\t<div class=\"elementor-widget-container\">\n\t\t\t\t\t\t\t<div class=\"elementor-spacer\">\n\t\t\t<div class=\"elementor-spacer-inner\"><\/div>\n\t\t<\/div>\n\t\t\t\t\t\t<\/div>\n\t\t\t\t<\/div>\n\t\t\t\t\t<\/div>\n\t\t\t\t<\/div>\n\t\t<div class=\"elementor-element elementor-element-9baf445 e-flex e-con-boxed elementor-invisible e-con e-parent\" data-id=\"9baf445\" data-element_type=\"container\" data-settings=\"{&quot;animation&quot;:&quot;fadeIn&quot;}\">\n\t\t\t\t\t<div class=\"e-con-inner\">\n\t\t\t\t<div class=\"elementor-element elementor-element-aeb025a elementor-widget elementor-widget-image\" data-id=\"aeb025a\" data-element_type=\"widget\" data-widget_type=\"image.default\">\n\t\t\t\t<div class=\"elementor-widget-container\">\n\t\t\t\t\t\t\t\t\t\t\t\t\t\t\t\t<a href=\"\" data-elementor-open-lightbox=\"yes\" data-elementor-lightbox-title=\"1732092569920\" data-e-action-hash=\"#elementor-action%3Aaction%3Dlightbox%26settings%3DeyJpZCI6MTc1LCJ1cmwiOiJodHRwczpcL1wvdm9sdmVudHBlcmZvcm1hbmNlLmZyXC93cC1jb250ZW50XC91cGxvYWRzXC8yMDI0XC8xMVwvMTczMjA5MjU2OTkyMC5qcGcifQ%3D%3D\">\n\t\t\t\t\t\t\t<img decoding=\"async\" width=\"576\" height=\"1024\" src=\"https:\/\/volventperformance.fr\/wp-content\/uploads\/2024\/11\/1732092569920-576x1024.jpg\" class=\"attachment-large size-large wp-image-175\" alt=\"\" srcset=\"https:\/\/volventperformance.fr\/wp-content\/uploads\/2024\/11\/1732092569920-576x1024.jpg 576w, https:\/\/volventperformance.fr\/wp-content\/uploads\/2024\/11\/1732092569920-169x300.jpg 169w, https:\/\/volventperformance.fr\/wp-content\/uploads\/2024\/11\/1732092569920-864x1536.jpg 864w, https:\/\/volventperformance.fr\/wp-content\/uploads\/2024\/11\/1732092569920.jpg 1080w\" sizes=\"100vw\" \/>\t\t\t\t\t\t\t\t<\/a>\n\t\t\t\t\t\t\t\t\t\t\t\t\t\t\t<\/div>\n\t\t\t\t<\/div>\n\t\t\t\t\t<\/div>\n\t\t\t\t<\/div>\n\t\t<div class=\"elementor-element elementor-element-8f20e11 e-flex e-con-boxed elementor-invisible e-con e-parent\" data-id=\"8f20e11\" data-element_type=\"container\" data-settings=\"{&quot;animation&quot;:&quot;fadeInRight&quot;}\">\n\t\t\t\t\t<div class=\"e-con-inner\">\n\t\t\t\t<div class=\"elementor-element elementor-element-12324a0 elementor-widget elementor-widget-text-editor\" data-id=\"12324a0\" data-element_type=\"widget\" data-widget_type=\"text-editor.default\">\n\t\t\t\t<div class=\"elementor-widget-container\">\n\t\t\t\t\t\t\t\t\t<p data-start=\"617\" data-end=\"880\">\ud83d\udd25 <strong data-start=\"620\" data-end=\"641\">Nos sp\u00e9cialit\u00e9s :<\/strong><br data-start=\"641\" data-end=\"644\" \/>\ud83d\udd27 Une durite p\u00e9t\u00e9e ? Un bout de chambre \u00e0 air et c\u2019est reparti !<br data-start=\"709\" data-end=\"712\" \/>\u26a1 Un probl\u00e8me \u00e9lectrique ? On reconnecte \u00e7a avec des dominos et un peu de chance !<br data-start=\"794\" data-end=\"797\" \/>\ud83d\ude98 Un contr\u00f4le technique \u00e0 passer ? On conna\u00eet \u00ab\u00a0quelqu\u2019un qui conna\u00eet quelqu\u2019un\u00a0\u00bb\u2026<\/p><p data-start=\"882\" data-end=\"1027\">\ud83d\udcb0 <strong data-start=\"885\" data-end=\"907\">Prix imbattables !<\/strong> Pourquoi ? Parce qu\u2019on r\u00e9cup\u00e8re, on rafistole et on fait avec ce qu\u2019on a sous la main. Et si on n\u2019a pas, on invente !<\/p><p data-start=\"1029\" data-end=\"1186\">Chez <strong data-start=\"1034\" data-end=\"1057\">Volvent Performance<\/strong>, on n\u2019a peut-\u00eatre pas toutes les pi\u00e8ces d\u2019origine\u2026 mais on a <strong data-start=\"1119\" data-end=\"1182\">de l\u2019ing\u00e9niosit\u00e9, de la d\u00e9brouille, et un paquet de colsons<\/strong> !<\/p>\t\t\t\t\t\t\t\t<\/div>\n\t\t\t\t<\/div>\n\t\t\t\t\t<\/div>\n\t\t\t\t<\/div>\n\t\t<div class=\"elementor-element elementor-element-bbb515b e-flex e-con-boxed e-con e-parent\" data-id=\"bbb515b\" data-element_type=\"container\">\n\t\t\t\t\t<div class=\"e-con-inner\">\n\t\t\t\t<div class=\"elementor-element elementor-element-339e760 elementor-widget elementor-widget-image\" data-id=\"339e760\" data-element_type=\"widget\" data-widget_type=\"image.default\">\n\t\t\t\t<div class=\"elementor-widget-container\">\n\t\t\t\t\t\t\t\t\t\t\t\t\t\t\t\t<a href=\"\" data-elementor-open-lightbox=\"yes\" data-elementor-lightbox-title=\"1732092522711\" data-e-action-hash=\"#elementor-action%3Aaction%3Dlightbox%26settings%3DeyJpZCI6MTczLCJ1cmwiOiJodHRwczpcL1wvdm9sdmVudHBlcmZvcm1hbmNlLmZyXC93cC1jb250ZW50XC91cGxvYWRzXC8yMDI0XC8xMVwvMTczMjA5MjUyMjcxMS5qcGcifQ%3D%3D\">\n\t\t\t\t\t\t\t<img decoding=\"async\" width=\"576\" height=\"1024\" src=\"https:\/\/volventperformance.fr\/wp-content\/uploads\/2024\/11\/1732092522711-576x1024.jpg\" class=\"attachment-large size-large wp-image-173\" alt=\"\" srcset=\"https:\/\/volventperformance.fr\/wp-content\/uploads\/2024\/11\/1732092522711-576x1024.jpg 576w, https:\/\/volventperformance.fr\/wp-content\/uploads\/2024\/11\/1732092522711-169x300.jpg 169w, https:\/\/volventperformance.fr\/wp-content\/uploads\/2024\/11\/1732092522711-864x1536.jpg 864w, https:\/\/volventperformance.fr\/wp-content\/uploads\/2024\/11\/1732092522711-1152x2048.jpg 1152w, https:\/\/volventperformance.fr\/wp-content\/uploads\/2024\/11\/1732092522711.jpg 1260w\" sizes=\"100vw\" \/>\t\t\t\t\t\t\t\t<\/a>\n\t\t\t\t\t\t\t\t\t\t\t\t\t\t\t<\/div>\n\t\t\t\t<\/div>\n\t\t\t\t\t<\/div>\n\t\t\t\t<\/div>\n\t\t<div class=\"elementor-element elementor-element-79cb5e7 e-flex e-con-boxed e-con e-parent\" data-id=\"79cb5e7\" data-element_type=\"container\">\n\t\t\t\t\t<div class=\"e-con-inner\">\n\t\t\t\t<div class=\"elementor-element elementor-element-86b587d elementor-widget elementor-widget-heading\" data-id=\"86b587d\" data-element_type=\"widget\" data-widget_type=\"heading.default\">\n\t\t\t\t<div class=\"elementor-widget-container\">\n\t\t\t\t\t<h3 class=\"elementor-heading-title elementor-size-default\">\ud83d\udccd Venez nous voir ! (Mais pas avec un expert d\u2019assurance, merci.)\n\n\nVOLVENT PERFORMANCE \u2013 La m\u00e9canique de l\u2019extr\u00eame, garantie jusqu\u2019\u00e0 la sortie du parking !<\/h3>\t\t\t\t<\/div>\n\t\t\t\t<\/div>\n\t\t\t\t\t<\/div>\n\t\t\t\t<\/div>\n\t\t\t\t<\/div>\n\t\t","protected":false},"excerpt":{"rendered":"<p>\ud83d\ude97 VOLVENT PERFORMANCE \u2013 Les rois de la bricole et de la d\u00e9brouille ! \ud83d\ude97 T\u2019as une bagnole en fin de vie, mais t\u2019as pas envie de vendre un rein pour la r\u00e9parer ? T\u2019inqui\u00e8te, chez Volvent Performance, on a une devise : \u00ab\u00a0Si \u00e7a tient, c\u2019est que c\u2019est r\u00e9par\u00e9 !\u00a0\u00bb Ici, on est pas &hellip; <\/p>\n<p class=\"link-more\"><a href=\"https:\/\/volventperformance.fr\/index.php\/les-rois-de-la-bricole\/\" class=\"more-link\">Lire la suite de<span class=\"screen-reader-text\">\u00ab\u00a0Les rois de la bricole\u00a0\u00bb<\/span><\/a><\/p>\n","protected":false},"author":1,"featured_media":0,"parent":0,"menu_order":0,"comment_status":"closed","ping_status":"closed","template":"","meta":{"footnotes":""},"class_list":["post-200","page","type-page","status-publish","hentry"],"_links":{"self":[{"href":"https:\/\/volventperformance.fr\/index.php\/wp-json\/wp\/v2\/pages\/200","targetHints":{"allow":["GET"]}}],"collection":[{"href":"https:\/\/volventperformance.fr\/index.php\/wp-json\/wp\/v2\/pages"}],"about":[{"href":"https:\/\/volventperformance.fr\/index.php\/wp-json\/wp\/v2\/types\/page"}],"author":[{"embeddable":true,"href":"https:\/\/volventperformance.fr\/index.php\/wp-json\/wp\/v2\/users\/1"}],"replies":[{"embeddable":true,"href":"https:\/\/volventperformance.fr\/index.php\/wp-json\/wp\/v2\/comments?post=200"}],"version-history":[{"count":31,"href":"https:\/\/volventperformance.fr\/index.php\/wp-json\/wp\/v2\/pages\/200\/revisions"}],"predecessor-version":[{"id":283,"href":"https:\/\/volventperformance.fr\/index.php\/wp-json\/wp\/v2\/pages\/200\/revisions\/283"}],"wp:attachment":[{"href":"https:\/\/volventperformance.fr\/index.php\/wp-json\/wp\/v2\/media?parent=200"}],"curies":[{"name":"wp","href":"https:\/\/api.w.org\/{rel}","templated":true}]}}